{"id":462,"date":"2020-11-20T13:22:27","date_gmt":"2020-11-20T12:22:27","guid":{"rendered":"http:\/\/www.perizieforensi.it\/?page_id=462"},"modified":"2020-12-09T17:00:56","modified_gmt":"2020-12-09T16:00:56","slug":"cassaforti-e-serrature","status":"publish","type":"page","link":"https:\/\/www.perizieforensi.it\/?page_id=462","title":{"rendered":"Casseforti  serrature"},"content":{"rendered":"\n<p><strong>La serratura sicura non esiste!<\/strong><\/p>\n\n\n\n<p><strong>Esistono solo persone incapaci di aprirla senza possederne la chiave<\/strong><\/p>\n\n\n\n<p>Avviare la catena di produzione di un nuovo modello di serratura o di cassaforte ha un costo industriale non indifferente. La progettazione ingegneristica, il disegno meccanico, la ricerca ed il collaudo dei materiali, la preparazione di una catena di montaggio, la trafila delle omologazioni ecc. hanno un costo industriale elevatissimo che pu\u00f2 essere riassorbito solo con la commercializzazione di un elevato numero di esemplari del manufatto stesso.<\/p>\n\n\n\n<p>Dunque, perch\u00e9 investire ingenti capitali per la realizzazione di un nuovo modello di serratura o di cassaforte se quello precedente andava benissimo e, soprattutto, risultava <strong>inattaccabile?<\/strong><\/p>\n\n\n\n<p>Certo non si debbono soddisfare ragioni estetiche o seguire la moda; questo genere di oggetti \u00e8 molto poco sensibile alle tendenze del momento! Se cos\u00ec non fosse, sarebbe sufficiente un restyling di facciata, un po\u2019 come avviene in campo automobilistico, per esempio, dove spesso un nuovo modello differisce dal precedente per un semplice aggiornamento estetico della carrozzeria o degli interni o per l\u2019aggiunta di qualche \u201cgadget\u201d tecnologico, oggi tanto in voga.<\/p>\n\n\n\n<p>Nel caso di una cassaforte o di una serratura, l\u2019unica ragione plausibile \u00e8 la scoperta, da parte della malavita &nbsp;o da parte degli specialisti dell\u2019assistenza tecnica, di un punto debole nel manufatto, su cui far leva per superare le difese e penetrare all\u2019interno.&nbsp;&nbsp;&nbsp;&nbsp;&nbsp;&nbsp;&nbsp;&nbsp;&nbsp;&nbsp;&nbsp;&nbsp;&nbsp;&nbsp;&nbsp;&nbsp;&nbsp;&nbsp;&nbsp;&nbsp;&nbsp;&nbsp;&nbsp;&nbsp;&nbsp;&nbsp;&nbsp;&nbsp;&nbsp;&nbsp;&nbsp;&nbsp;&nbsp;&nbsp;&nbsp;&nbsp;&nbsp;&nbsp;&nbsp;&nbsp;&nbsp;&nbsp;&nbsp;&nbsp;&nbsp;&nbsp;&nbsp;&nbsp;&nbsp;&nbsp;&nbsp;&nbsp;&nbsp;&nbsp; &nbsp;&nbsp;&nbsp;&nbsp;&nbsp;&nbsp;&nbsp;&nbsp;&nbsp;&nbsp;&nbsp;&nbsp;&nbsp;&nbsp;&nbsp;&nbsp;&nbsp;&nbsp;&nbsp;&nbsp;&nbsp;&nbsp;&nbsp;&nbsp;&nbsp;&nbsp;&nbsp;&nbsp;&nbsp;&nbsp;&nbsp;&nbsp;&nbsp;&nbsp;&nbsp;&nbsp;<\/p>\n\n\n\n<div class=\"wp-block-image\"><figure class=\"alignright size-large is-resized\"><img loading=\"lazy\" src=\"http:\/\/www.perizieforensi.it\/wp-content\/uploads\/2020\/12\/Serratura2-1024x768.jpg\" alt=\"\" class=\"wp-image-781\" width=\"366\" height=\"275\" srcset=\"https:\/\/www.perizieforensi.it\/wp-content\/uploads\/2020\/12\/Serratura2-1024x768.jpg 1024w, https:\/\/www.perizieforensi.it\/wp-content\/uploads\/2020\/12\/Serratura2-300x225.jpg 300w, https:\/\/www.perizieforensi.it\/wp-content\/uploads\/2020\/12\/Serratura2-768x576.jpg 768w, https:\/\/www.perizieforensi.it\/wp-content\/uploads\/2020\/12\/Serratura2-1536x1152.jpg 1536w, https:\/\/www.perizieforensi.it\/wp-content\/uploads\/2020\/12\/Serratura2.jpg 1600w\" sizes=\"(max-width: 366px) 100vw, 366px\" \/><\/figure><\/div>\n\n\n\n<p>Quando, a seguito di un \u201ccolpo\u201d dei \u201csoliti ignoti\u201d andato a segno o delle risultanze delle prove che le case costruttrici effettuano di continuo, viene palesato un \u201ctallone d\u2019Achille\u201d nella cassaforte o nei suoi sistemi di chiusura, siano essi la chiave meccanica, la serratura a combinazione, o la corazzatura esterna, ecco sorgere la necessit\u00e0 di progettare un nuovo modello di \u201cmezzo forte di custodia\u201d (\u00e8 questa, infatti, la denominazione \u201ctecnica\u201d delle casseforti) anche a costo di importanti investimenti economici.<\/p>\n\n\n\n<p>La tutela della sicurezza in ambito civile e militare \u00e8 affidata oggi a mezzi tecnici sempre pi\u00f9 sofisticati, quali sistemi d\u2019allarme, controllo degli accessi, videosorveglianza, mezzi forti di custodia ecc. Aspetti cognitivi ed emotivi dell\u2019interazione fra utilizzatori e sistemi di sicurezza possono per\u00f2 ridurre o annullare l\u2019efficienza di queste difese, come vedremo.<\/p>\n\n\n\n<p>Queste pagine nascono nell\u2019ambito degli studi sugli aspetti&nbsp; della vulnerabilit\u00e0 dei sistemi di sicurezza legati a fattori umani e sulle tecnologie di difesa contro attacchi con mezzi non distruttivi (deduzione, manipolazione, lockpicking) e distruttivi (lancia termica, carotatrice, trapanazione).<\/p>\n\n\n\n<p>Nessun mezzo di custodia, infatti, \u00e8 inattaccabile o, quantomeno, la sua inviolabilit\u00e0 \u00e8 direttamente correlata con il tempo di attacco. La robustezza del mezzo di custodia, infatti, non \u00e8 di per s\u00e9 sufficiente se si prescinde da una profonda conoscenza metodologica dell\u2019azione criminale.<\/p>\n\n\n\n<div class=\"wp-block-image\"><figure class=\"alignright size-large is-resized\"><img loading=\"lazy\" src=\"http:\/\/www.perizieforensi.it\/wp-content\/uploads\/2020\/12\/Serratura_esplosa_lui.jpg\" alt=\"\" class=\"wp-image-750\" width=\"242\" height=\"328\" srcset=\"https:\/\/www.perizieforensi.it\/wp-content\/uploads\/2020\/12\/Serratura_esplosa_lui.jpg 457w, https:\/\/www.perizieforensi.it\/wp-content\/uploads\/2020\/12\/Serratura_esplosa_lui-221x300.jpg 221w\" sizes=\"(max-width: 242px) 100vw, 242px\" \/><\/figure><\/div>\n\n\n\n<p>Spesso le soluzioni trovate dalla malavita equivalgono, senza mezzi termini, a vere opere dell\u2019ingegno tese alla realizzazione di strumenti specifici volti alla manipolazione o alla prevaricazione, altamente rifiniti e frutto di anni di studi e prove.<\/p>\n\n\n\n<p>Solo una sinergia di conoscenze e mezzi di difesa, anche elettronici, migliorabili in base alle esperienze sulle tipologie di attacco, porteranno al contrasto sempre pi\u00f9 efficace di una criminalit\u00e0 tecnologica, agguerrita e dotata di elevati&nbsp; mezzi economici di finanziamento, il cui \u201cstato dell\u2019arte\u201d \u00e8 ben pi\u00f9 avanzato di quanto comunemente si possa immaginare.<\/p>\n\n\n\n<p>Il mio punto di vista  si pu\u00f2, quindi, sintetizzare cos\u00ec: nel campo serraturiero e delle casseforti \u00e8 in vigore la nozione del \u201csecurity through obscurity\u201d; mantenere segrete le informazioni al fine di non dare vantaggi agli attaccanti.<\/p>\n\n\n\n<p>Il suo opposto, diffuso soprattutto in campo informatico, \u00e8 la \u201cfull disclosure\u201d; rendere pubblici i dettagli allo scopo di permettere agli esperti di analizzarli ed evidenziarne i difetti e i limiti.<\/p>\n\n\n\n<p>Indubbiamente l\u2019et\u00e0 enormemente pi\u00f9 giovane della scienza informatica, rispetto alla meccanica serraturiera, gioca a favore di una maggiore apertura mentale della prima.<\/p>\n\n\n\n<p>La \u201cfull disclosure\u201d deriva dalla &#8220;legge di Kerckhoffs&#8221;: &#8220;un sistema crittografico dovrebbe essere sicuro anche se ogni cosa che riguarda il sistema, ad eccezione della chiave, \u00e8 di pubblico dominio&#8221;.<\/p>\n\n\n\n<p>Per quel che riguarda le serrature e le casseforti, \u00e8 fin troppo facile acquistare un modello da studiare per trovarne le vulnerabilit\u00e0, pertanto la sicurezza attraverso &#8220;l\u2019oscuramento&#8221; delle informazioni, verr\u00e0 meno. Inevitabilmente.<\/p>\n\n\n\n<p>Ma forse le ragioni che sottendono a tale ostinazione nel voler mantenere riservato ci\u00f2 che, alla cruda luce della realt\u00e0, non pu\u00f2 essere ragionevolmente segretato, sono altre.<\/p>\n","protected":false},"excerpt":{"rendered":"<p>La serratura sicura non esiste! Esistono solo persone incapaci di aprirla senza possederne la chiave Avviare la catena di produzione di un nuovo modello di serratura o di cassaforte ha un costo industriale non indifferente. La progettazione ingegneristica, il disegno meccanico, la ricerca ed il collaudo dei materiali, la preparazione di una catena di montaggio, [&hellip;]<\/p>\n","protected":false},"author":1,"featured_media":0,"parent":0,"menu_order":0,"comment_status":"closed","ping_status":"closed","template":"","meta":[],"yoast_head":"<!-- This site is optimized with the Yoast SEO plugin v15.9.1 - https:\/\/yoast.com\/wordpress\/plugins\/seo\/ -->\n<title>Casseforti serrature - Perizie forensi<\/title>\n<meta name=\"robots\" content=\"index, follow, max-snippet:-1, max-image-preview:large, max-video-preview:-1\" \/>\n<link rel=\"canonical\" href=\"https:\/\/www.perizieforensi.it\/?page_id=462\" \/>\n<meta property=\"og:locale\" content=\"it_IT\" \/>\n<meta property=\"og:type\" content=\"article\" \/>\n<meta property=\"og:title\" content=\"Casseforti serrature - Perizie forensi\" \/>\n<meta property=\"og:description\" content=\"La serratura sicura non esiste! Esistono solo persone incapaci di aprirla senza possederne la chiave Avviare la catena di produzione di un nuovo modello di serratura o di cassaforte ha un costo industriale non indifferente. La progettazione ingegneristica, il disegno meccanico, la ricerca ed il collaudo dei materiali, la preparazione di una catena di montaggio, [&hellip;]\" \/>\n<meta property=\"og:url\" content=\"https:\/\/www.perizieforensi.it\/?page_id=462\" \/>\n<meta property=\"og:site_name\" content=\"Perizie forensi\" \/>\n<meta property=\"article:modified_time\" content=\"2020-12-09T16:00:56+00:00\" \/>\n<meta property=\"og:image\" content=\"http:\/\/www.perizieforensi.it\/wp-content\/uploads\/2020\/12\/Serratura2-1024x768.jpg\" \/>\n<meta name=\"twitter:label1\" content=\"Tempo di lettura stimato\">\n\t<meta name=\"twitter:data1\" content=\"4 minuti\">\n<script type=\"application\/ld+json\" class=\"yoast-schema-graph\">{\"@context\":\"https:\/\/schema.org\",\"@graph\":[{\"@type\":\"WebSite\",\"@id\":\"https:\/\/www.perizieforensi.it\/#website\",\"url\":\"https:\/\/www.perizieforensi.it\/\",\"name\":\"Perizie forensi\",\"description\":\"  \\u201eQuando tutti pensano nello stesso modo,   nessuno pensa molto.\\u201c  Walter Lippmann\",\"potentialAction\":[{\"@type\":\"SearchAction\",\"target\":\"https:\/\/www.perizieforensi.it\/?s={search_term_string}\",\"query-input\":\"required name=search_term_string\"}],\"inLanguage\":\"it-IT\"},{\"@type\":\"ImageObject\",\"@id\":\"https:\/\/www.perizieforensi.it\/?page_id=462#primaryimage\",\"inLanguage\":\"it-IT\",\"url\":\"http:\/\/www.perizieforensi.it\/wp-content\/uploads\/2020\/12\/Serratura2-1024x768.jpg\"},{\"@type\":\"WebPage\",\"@id\":\"https:\/\/www.perizieforensi.it\/?page_id=462#webpage\",\"url\":\"https:\/\/www.perizieforensi.it\/?page_id=462\",\"name\":\"Casseforti serrature - Perizie forensi\",\"isPartOf\":{\"@id\":\"https:\/\/www.perizieforensi.it\/#website\"},\"primaryImageOfPage\":{\"@id\":\"https:\/\/www.perizieforensi.it\/?page_id=462#primaryimage\"},\"datePublished\":\"2020-11-20T12:22:27+00:00\",\"dateModified\":\"2020-12-09T16:00:56+00:00\",\"breadcrumb\":{\"@id\":\"https:\/\/www.perizieforensi.it\/?page_id=462#breadcrumb\"},\"inLanguage\":\"it-IT\",\"potentialAction\":[{\"@type\":\"ReadAction\",\"target\":[\"https:\/\/www.perizieforensi.it\/?page_id=462\"]}]},{\"@type\":\"BreadcrumbList\",\"@id\":\"https:\/\/www.perizieforensi.it\/?page_id=462#breadcrumb\",\"itemListElement\":[{\"@type\":\"ListItem\",\"position\":1,\"item\":{\"@type\":\"WebPage\",\"@id\":\"https:\/\/www.perizieforensi.it\/\",\"url\":\"https:\/\/www.perizieforensi.it\/\",\"name\":\"Home\"}},{\"@type\":\"ListItem\",\"position\":2,\"item\":{\"@type\":\"WebPage\",\"@id\":\"https:\/\/www.perizieforensi.it\/?page_id=462\",\"url\":\"https:\/\/www.perizieforensi.it\/?page_id=462\",\"name\":\"Casseforti serrature\"}}]}]}<\/script>\n<!-- \/ Yoast SEO plugin. -->","_links":{"self":[{"href":"https:\/\/www.perizieforensi.it\/index.php?rest_route=\/wp\/v2\/pages\/462"}],"collection":[{"href":"https:\/\/www.perizieforensi.it\/index.php?rest_route=\/wp\/v2\/pages"}],"about":[{"href":"https:\/\/www.perizieforensi.it\/index.php?rest_route=\/wp\/v2\/types\/page"}],"author":[{"embeddable":true,"href":"https:\/\/www.perizieforensi.it\/index.php?rest_route=\/wp\/v2\/users\/1"}],"replies":[{"embeddable":true,"href":"https:\/\/www.perizieforensi.it\/index.php?rest_route=%2Fwp%2Fv2%2Fcomments&post=462"}],"version-history":[{"count":8,"href":"https:\/\/www.perizieforensi.it\/index.php?rest_route=\/wp\/v2\/pages\/462\/revisions"}],"predecessor-version":[{"id":904,"href":"https:\/\/www.perizieforensi.it\/index.php?rest_route=\/wp\/v2\/pages\/462\/revisions\/904"}],"wp:attachment":[{"href":"https:\/\/www.perizieforensi.it\/index.php?rest_route=%2Fwp%2Fv2%2Fmedia&parent=462"}],"curies":[{"name":"wp","href":"https:\/\/api.w.org\/{rel}","templated":true}]}}